{"id":1055,"date":"2023-08-06T09:55:15","date_gmt":"2023-08-06T07:55:15","guid":{"rendered":"https:\/\/www.jordianguila.cat\/wordpress\/?page_id=1055"},"modified":"2024-01-24T10:29:30","modified_gmt":"2024-01-24T09:29:30","slug":"gestion-global-de-proyectos","status":"publish","type":"page","link":"https:\/\/www.jordianguila.cat\/es\/gestion-global-de-proyectos\/","title":{"rendered":"Gesti\u00f3n global de proyectos"},"content":{"rendered":"<p><div class=\"fusion-bg-parallax\" data-bg-align=\"left top\" data-direction=\"up\" data-mute=\"false\" data-opacity=\"100\" data-velocity=\"-0.3\" data-mobile-enabled=\"false\" data-break_parents=\"0\" data-bg-image=\"http:\/\/www.jordianguila.cat\/wordpress\/wp-content\/uploads\/2015\/02\/jordianguila-home-1.jpg\" data-bg-repeat=\"false\" ><\/div><div class=\"fusion-fullwidth fullwidth-box fusion-builder-row-1 fusion-flex-container fusion-parallax-up nonhundred-percent-fullwidth non-hundred-percent-height-scrolling\" style=\"--awb-background-position:left top;--awb-border-sizes-top:0px;--awb-border-sizes-bottom:0px;--awb-border-sizes-left:0px;--awb-border-sizes-right:0px;--awb-border-radius-top-left:0px;--awb-border-radius-top-right:0px;--awb-border-radius-bottom-right:0px;--awb-border-radius-bottom-left:0px;--awb-padding-top:130px;--awb-padding-bottom:120px;--awb-background-image:url(&quot;http:\/\/www.jordianguila.cat\/wordpress\/wp-content\/uploads\/2015\/02\/jordianguila-home-1.jpg&quot;);--awb-background-size:cover;--awb-flex-wrap:wrap;\" ><div class=\"fusion-builder-row fusion-row fusion-flex-align-items-flex-start fusion-flex-content-wrap\" style=\"max-width:1216.8px;margin-left: calc(-4% \/ 2 );margin-right: calc(-4% \/ 2 );\"><div class=\"fusion-layout-column fusion_builder_column fusion-builder-column-0 fusion_builder_column_2_5 2_5 fusion-flex-column\" style=\"--awb-bg-size:cover;--awb-width-large:40%;--awb-margin-top-large:0px;--awb-spacing-right-large:4.8%;--awb-margin-bottom-large:20px;--awb-spacing-left-large:4.8%;--awb-width-medium:100%;--awb-spacing-right-medium:1.92%;--awb-spacing-left-medium:1.92%;--awb-width-small:100%;--awb-spacing-right-small:1.92%;--awb-spacing-left-small:1.92%;\"><div class=\"fusion-column-wrapper fusion-flex-justify-content-flex-start fusion-content-layout-column\"><div class=\"fusion-title title fusion-title-1 fusion-sep-none fusion-title-text fusion-title-size-two\" style=\"--awb-text-color:#ffffff;\"><h2 class=\"fusion-title-heading title-heading-left fusion-responsive-typography-calculated\" style=\"margin:0;--fontSize:48;line-height:1.25;\">Gesti\u00f3n global<br \/>\nde proyectos<\/h2><\/div><div class=\"fusion-text fusion-text-1\"><p><span style=\"color: #ffffff;\">Con las funciones de PROJECT MANAGER y la gesti\u00f3n global de proyectos aseguramos que el cliente cumpla sus objetivos en t\u00e9rminos de COSTE, PLAZOS y CALIDAD. Nuestros clientes disponen del control real de su proyecto de construcci\u00f3n, desde el proceso previo de dise\u00f1o y hasta la finalizaci\u00f3n de la ejecuci\u00f3n de la obra.<\/span><\/p>\n<\/div><\/div><\/div><\/div><\/div><div class=\"fusion-fullwidth fullwidth-box fusion-builder-row-2 fusion-flex-container nonhundred-percent-fullwidth non-hundred-percent-height-scrolling\" style=\"--awb-background-position:left top;--awb-border-sizes-top:0px;--awb-border-sizes-bottom:0px;--awb-border-sizes-left:0px;--awb-border-sizes-right:0px;--awb-border-radius-top-left:0px;--awb-border-radius-top-right:0px;--awb-border-radius-bottom-right:0px;--awb-border-radius-bottom-left:0px;--awb-padding-top:100px;--awb-padding-bottom:30px;--awb-flex-wrap:wrap;\" ><div class=\"fusion-builder-row fusion-row fusion-flex-align-items-flex-start fusion-flex-content-wrap\" style=\"max-width:1216.8px;margin-left: calc(-4% \/ 2 );margin-right: calc(-4% \/ 2 );\"><div class=\"fusion-layout-column fusion_builder_column fusion-builder-column-1 fusion_builder_column_1_1 1_1 fusion-flex-column\" style=\"--awb-bg-size:cover;--awb-width-large:100%;--awb-margin-top-large:0px;--awb-spacing-right-large:2.56%;--awb-margin-bottom-large:20px;--awb-spacing-left-large:1.92%;--awb-width-medium:100%;--awb-spacing-right-medium:1.92%;--awb-spacing-left-medium:1.92%;--awb-width-small:100%;--awb-spacing-right-small:1.92%;--awb-spacing-left-small:1.92%;\"><div class=\"fusion-column-wrapper fusion-flex-justify-content-flex-start fusion-content-layout-column\"><div class=\"fusion-title title fusion-title-2 fusion-sep-none fusion-title-text fusion-title-size-two\" style=\"--awb-margin-bottom:50px;\"><h2 class=\"fusion-title-heading title-heading-left fusion-responsive-typography-calculated\" style=\"margin:0;--fontSize:48;line-height:1.25;\">\u00bfGesti\u00f3n global de proyectos?<\/h2><\/div><div class=\"fusion-text fusion-text-2\"><p>Ofrecemos una amplia gama de servicios para la <strong>gesti\u00f3n de proyectos t\u00e9cnicos de reforma<\/strong>. Nuestro equipo de expertos se encargar\u00e1 de la <strong>direcci\u00f3n y\/o gesti\u00f3n t\u00e9cnica de obras<\/strong>, lo cual garantiza un resultado final de alta calidad. Adem\u00e1s, ofrecemos <strong>servicios de oficina t\u00e9cnica y asesoramiento<\/strong> para asegurarnos que el proyecto se adapte a las necesidades del cliente.<\/p>\n<p>Tambi\u00e9n ofrecemos servicios de <strong>c\u00e1lculo de estructuras<\/strong>, lo cual asegura que la construcci\u00f3n sea segura y cumpla con los est\u00e1ndares necesarios. Nuestros <strong>levantamientos topogr\u00e1ficos<\/strong> tambi\u00e9n garantizan que el proyecto se ajuste a las especificaciones del cliente y se cumplan todas las regulaciones necesarias.<\/p>\n<p>En resumen, nuestro equipo de expertos proporciona una soluci\u00f3n integral para la gesti\u00f3n de proyectos t\u00e9cnicos de reforma, desde la planificaci\u00f3n y dise\u00f1o hasta la construcci\u00f3n y finalizaci\u00f3n del proyecto. No dude a ponerse en contacto con nosotros para obtener m\u00e1s informaci\u00f3n sobre nuestros servicios.<\/p>\n<\/div><\/div><\/div><\/div><\/div><\/p>\n","protected":false},"excerpt":{"rendered":"","protected":false},"author":1,"featured_media":0,"parent":0,"menu_order":0,"comment_status":"closed","ping_status":"open","template":"100-width.php","meta":{"footnotes":""},"class_list":["post-1055","page","type-page","status-publish","hentry"],"yoast_head":"<!-- This site is optimized with the Yoast SEO plugin v21.8 - https:\/\/yoast.com\/wordpress\/plugins\/seo\/ -->\n<title>Gesti\u00f3n global de proyectos - Jordi Anguila<\/title>\n<meta name=\"description\" content=\"Jordi Anguila, servicios t\u00e9cnicos de la edificaci\u00f3n y gesti\u00f3n global de proyectos de reforma, edificaci\u00f3n, direcci\u00f3n t\u00e9cnica de obras, ...\" \/>\n<meta name=\"robots\" content=\"index, follow, max-snippet:-1, max-image-preview:large, max-video-preview:-1\" \/>\n<link rel=\"canonical\" href=\"https:\/\/www.jordianguila.cat\/gestio-global-de-projectes\/\" \/>\n<meta property=\"og:locale\" content=\"es_ES\" \/>\n<meta property=\"og:type\" content=\"article\" \/>\n<meta property=\"og:title\" content=\"Gesti\u00f3n global de proyectos - Jordi Anguila\" \/>\n<meta property=\"og:description\" content=\"Jordi Anguila, servicios t\u00e9cnicos de la edificaci\u00f3n y gesti\u00f3n global de proyectos de reforma, edificaci\u00f3n, direcci\u00f3n t\u00e9cnica de obras, ...\" \/>\n<meta property=\"og:url\" content=\"https:\/\/www.jordianguila.cat\/gestio-global-de-projectes\/\" \/>\n<meta property=\"og:site_name\" content=\"Jordi Anguila\" \/>\n<meta property=\"article:modified_time\" content=\"2024-01-24T09:29:30+00:00\" \/>\n<meta name=\"twitter:card\" content=\"summary_large_image\" \/>\n<meta name=\"twitter:label1\" content=\"Tiempo de lectura\" \/>\n\t<meta name=\"twitter:data1\" content=\"2 minutos\" \/>\n<script type=\"application\/ld+json\" class=\"yoast-schema-graph\">{\"@context\":\"https:\/\/schema.org\",\"@graph\":[{\"@type\":\"WebPage\",\"@id\":\"https:\/\/www.jordianguila.cat\/gestio-global-de-projectes\/\",\"url\":\"https:\/\/www.jordianguila.cat\/gestio-global-de-projectes\/\",\"name\":\"Gesti\u00f3n global de proyectos - Jordi Anguila\",\"isPartOf\":{\"@id\":\"https:\/\/www.jordianguila.cat\/#website\"},\"datePublished\":\"2023-08-06T07:55:15+00:00\",\"dateModified\":\"2024-01-24T09:29:30+00:00\",\"description\":\"Jordi Anguila, servicios t\u00e9cnicos de la edificaci\u00f3n y gesti\u00f3n global de proyectos de reforma, edificaci\u00f3n, direcci\u00f3n t\u00e9cnica de obras, ...\",\"breadcrumb\":{\"@id\":\"https:\/\/www.jordianguila.cat\/gestio-global-de-projectes\/#breadcrumb\"},\"inLanguage\":\"es\",\"potentialAction\":[{\"@type\":\"ReadAction\",\"target\":[\"https:\/\/www.jordianguila.cat\/gestio-global-de-projectes\/\"]}]},{\"@type\":\"BreadcrumbList\",\"@id\":\"https:\/\/www.jordianguila.cat\/gestio-global-de-projectes\/#breadcrumb\",\"itemListElement\":[{\"@type\":\"ListItem\",\"position\":1,\"name\":\"Inici\",\"item\":\"https:\/\/www.jordianguila.cat\/\"},{\"@type\":\"ListItem\",\"position\":2,\"name\":\"Gesti\u00f3n global de proyectos\"}]},{\"@type\":\"WebSite\",\"@id\":\"https:\/\/www.jordianguila.cat\/#website\",\"url\":\"https:\/\/www.jordianguila.cat\/\",\"name\":\"Jordi Anguila\",\"description\":\"Serveis t\u00e8cnics de l&#039;edificaci\u00f3\",\"publisher\":{\"@id\":\"https:\/\/www.jordianguila.cat\/#organization\"},\"potentialAction\":[{\"@type\":\"SearchAction\",\"target\":{\"@type\":\"EntryPoint\",\"urlTemplate\":\"https:\/\/www.jordianguila.cat\/?s={search_term_string}\"},\"query-input\":\"required name=search_term_string\"}],\"inLanguage\":\"es\"},{\"@type\":\"Organization\",\"@id\":\"https:\/\/www.jordianguila.cat\/#organization\",\"name\":\"Jordi Anguila\",\"url\":\"https:\/\/www.jordianguila.cat\/\",\"logo\":{\"@type\":\"ImageObject\",\"inLanguage\":\"es\",\"@id\":\"https:\/\/www.jordianguila.cat\/#\/schema\/logo\/image\/\",\"url\":\"https:\/\/www.jordianguila.cat\/wordpress\/wp-content\/uploads\/2024\/01\/jordi-anguila-logo.jpg\",\"contentUrl\":\"https:\/\/www.jordianguila.cat\/wordpress\/wp-content\/uploads\/2024\/01\/jordi-anguila-logo.jpg\",\"width\":369,\"height\":158,\"caption\":\"Jordi Anguila\"},\"image\":{\"@id\":\"https:\/\/www.jordianguila.cat\/#\/schema\/logo\/image\/\"}}]}<\/script>\n<!-- \/ Yoast SEO plugin. -->","yoast_head_json":{"title":"Gesti\u00f3n global de proyectos - Jordi Anguila","description":"Jordi Anguila, servicios t\u00e9cnicos de la edificaci\u00f3n y gesti\u00f3n global de proyectos de reforma, edificaci\u00f3n, direcci\u00f3n t\u00e9cnica de obras, ...","robots":{"index":"index","follow":"follow","max-snippet":"max-snippet:-1","max-image-preview":"max-image-preview:large","max-video-preview":"max-video-preview:-1"},"canonical":"https:\/\/www.jordianguila.cat\/gestio-global-de-projectes\/","og_locale":"es_ES","og_type":"article","og_title":"Gesti\u00f3n global de proyectos - Jordi Anguila","og_description":"Jordi Anguila, servicios t\u00e9cnicos de la edificaci\u00f3n y gesti\u00f3n global de proyectos de reforma, edificaci\u00f3n, direcci\u00f3n t\u00e9cnica de obras, ...","og_url":"https:\/\/www.jordianguila.cat\/gestio-global-de-projectes\/","og_site_name":"Jordi Anguila","article_modified_time":"2024-01-24T09:29:30+00:00","twitter_card":"summary_large_image","twitter_misc":{"Tiempo de lectura":"2 minutos"},"schema":{"@context":"https:\/\/schema.org","@graph":[{"@type":"WebPage","@id":"https:\/\/www.jordianguila.cat\/gestio-global-de-projectes\/","url":"https:\/\/www.jordianguila.cat\/gestio-global-de-projectes\/","name":"Gesti\u00f3n global de proyectos - Jordi Anguila","isPartOf":{"@id":"https:\/\/www.jordianguila.cat\/#website"},"datePublished":"2023-08-06T07:55:15+00:00","dateModified":"2024-01-24T09:29:30+00:00","description":"Jordi Anguila, servicios t\u00e9cnicos de la edificaci\u00f3n y gesti\u00f3n global de proyectos de reforma, edificaci\u00f3n, direcci\u00f3n t\u00e9cnica de obras, ...","breadcrumb":{"@id":"https:\/\/www.jordianguila.cat\/gestio-global-de-projectes\/#breadcrumb"},"inLanguage":"es","potentialAction":[{"@type":"ReadAction","target":["https:\/\/www.jordianguila.cat\/gestio-global-de-projectes\/"]}]},{"@type":"BreadcrumbList","@id":"https:\/\/www.jordianguila.cat\/gestio-global-de-projectes\/#breadcrumb","itemListElement":[{"@type":"ListItem","position":1,"name":"Inici","item":"https:\/\/www.jordianguila.cat\/"},{"@type":"ListItem","position":2,"name":"Gesti\u00f3n global de proyectos"}]},{"@type":"WebSite","@id":"https:\/\/www.jordianguila.cat\/#website","url":"https:\/\/www.jordianguila.cat\/","name":"Jordi Anguila","description":"Serveis t\u00e8cnics de l&#039;edificaci\u00f3","publisher":{"@id":"https:\/\/www.jordianguila.cat\/#organization"},"potentialAction":[{"@type":"SearchAction","target":{"@type":"EntryPoint","urlTemplate":"https:\/\/www.jordianguila.cat\/?s={search_term_string}"},"query-input":"required name=search_term_string"}],"inLanguage":"es"},{"@type":"Organization","@id":"https:\/\/www.jordianguila.cat\/#organization","name":"Jordi Anguila","url":"https:\/\/www.jordianguila.cat\/","logo":{"@type":"ImageObject","inLanguage":"es","@id":"https:\/\/www.jordianguila.cat\/#\/schema\/logo\/image\/","url":"https:\/\/www.jordianguila.cat\/wordpress\/wp-content\/uploads\/2024\/01\/jordi-anguila-logo.jpg","contentUrl":"https:\/\/www.jordianguila.cat\/wordpress\/wp-content\/uploads\/2024\/01\/jordi-anguila-logo.jpg","width":369,"height":158,"caption":"Jordi Anguila"},"image":{"@id":"https:\/\/www.jordianguila.cat\/#\/schema\/logo\/image\/"}}]}},"_links":{"self":[{"href":"https:\/\/www.jordianguila.cat\/es\/wp-json\/wp\/v2\/pages\/1055","targetHints":{"allow":["GET"]}}],"collection":[{"href":"https:\/\/www.jordianguila.cat\/es\/wp-json\/wp\/v2\/pages"}],"about":[{"href":"https:\/\/www.jordianguila.cat\/es\/wp-json\/wp\/v2\/types\/page"}],"author":[{"embeddable":true,"href":"https:\/\/www.jordianguila.cat\/es\/wp-json\/wp\/v2\/users\/1"}],"replies":[{"embeddable":true,"href":"https:\/\/www.jordianguila.cat\/es\/wp-json\/wp\/v2\/comments?post=1055"}],"version-history":[{"count":2,"href":"https:\/\/www.jordianguila.cat\/es\/wp-json\/wp\/v2\/pages\/1055\/revisions"}],"predecessor-version":[{"id":1069,"href":"https:\/\/www.jordianguila.cat\/es\/wp-json\/wp\/v2\/pages\/1055\/revisions\/1069"}],"wp:attachment":[{"href":"https:\/\/www.jordianguila.cat\/es\/wp-json\/wp\/v2\/media?parent=1055"}],"curies":[{"name":"wp","href":"https:\/\/api.w.org\/{rel}","templated":true}]}}