{"id":1047,"date":"2023-08-06T09:51:05","date_gmt":"2023-08-06T07:51:05","guid":{"rendered":"https:\/\/www.jordianguila.cat\/wordpress\/?page_id=1047"},"modified":"2024-01-24T10:29:36","modified_gmt":"2024-01-24T09:29:36","slug":"politica-de-accesibilidad","status":"publish","type":"page","link":"https:\/\/www.jordianguila.cat\/es\/politica-de-accesibilidad\/","title":{"rendered":"Pol\u00edtica de accesibilidad"},"content":{"rendered":"<h1><strong>Pol\u00edtica de accesibilidad<\/strong><\/h1>\n<p>La empresa JORDI ANGUILA FERRER se ha comprometido a hacer accesible su sitio web de conformidad con el Real Decreto 1112\/2018, de 7 de septiembre, sobre accesibilidad de los sitios web y aplicaciones para dispositivos m\u00f3viles del sector p\u00fablico, o desarrollos financiados desde Europa.<\/p>\n<p>La presente declaraci\u00f3n de accesibilidad se aplica al sitio web\u00a0<a href=\"https:\/\/www.jordianguila.cat\/wordpress\/es\/\">https:\/\/www.jordianguila.cat\/wordpress\/es\/<\/a> excluyendo los contenidos incrustados provenientes de otros dominios.<\/p>\n<p><strong>Situaci\u00f3n de cumplimiento<\/strong><\/p>\n<p>Este sitio web es Parcialmente conforme con el RD 1112\/2018 debido a la falta de conformidad de los aspectos que se indican a continuaci\u00f3n.<\/p>\n<p><strong>Contenido no accesible<\/strong><\/p>\n<p>El contenido que se recoge a continuaci\u00f3n no es accesible por los siguientes motivos:<\/p>\n<ul>\n<li>Falta de conformidad:\n<ul>\n<li>Pueden existir algunas im\u00e1genes cuya alternativa no est\u00e9 implementada o no sea correcta &#8211; \u2013 Requisito 9.1.1.1 Contenido no textual UNE-EN 301549:2022<\/li>\n<li>Puede existir elementos de encabezado incorrectamente implementados, o cuyo orden l\u00f3gico no sea el correcto &#8211; Requisito n\u00famero 9.1.3.1 Informaci\u00f3n y relaciones de UNE-EN 301549:2022<\/li>\n<li>En los formularios, puede haber campos que no se hayan facilitado su rellenado a trav\u00e9s de sistemas autom\u00e1ticos \u2013 Requisito 9.1.3.5 Identificar el prop\u00f3sito de la entrada UNE-EN 301549:2022<\/li>\n<li>Puede haber elementos cuyo contraste no sea el suficiente en algunas p\u00e1ginas \u2013 Requisito 9.1.4.3 Contraste UNE-EN 301549:2020<\/li>\n<li>La web no ofrece un sistema de navegaci\u00f3n alternativo al men\u00fa \u2013 Requisito n\u00famero 9.2.4.5 M\u00faltiples V\u00edas de UNE-EN 301549:2022<\/li>\n<li>Pueden existir elementos provenientes de otros sistemas o webs, que no dispongan de una definici\u00f3n de funci\u00f3n suficiente &#8211; Requisito n\u00famero 9.4.1.2 Nombre, funci\u00f3n y valor de UNE-EN 301549:2020<\/li>\n<li>Podr\u00edan existir fallos puntuales de edici\u00f3n en alguna p\u00e1gina web.<\/li>\n<\/ul>\n<\/li>\n<li>Carga desproporcionada: No resulta aplicable.<\/li>\n<li>El contenido no entra dentro del \u00e1mbito de la legislaci\u00f3n aplicable.<\/li>\n<\/ul>\n<p>Podr\u00edan existir archivos ofim\u00e1ticos en PDF u otros formatos publicados antes del 20 de septiembre de 2018 que no cumplan en su totalidad todos los requisitos de accesibilidad.<br \/>\nPuede haber contenidos de terceros que no est\u00e9n desarrollados en esta Unidad, ni bajo su control, como archivos ofim\u00e1ticos de diferentes organismos que deban publicarse en este sitio.<\/p>\n<p><strong>Observaciones y datos de contacto<\/strong><\/p>\n<p>Puede realizar comunicaciones sobre requisitos de accesibilidad [art\u00edculo 10.2.a) del RD 1112\/2018] como, por ejemplo:<\/p>\n<ul>\n<li>Informar sobre cualquier posible incumplimiento por parte de este sitio web.<\/li>\n<li>Transmitir otras dificultades de acceso al contenido.<\/li>\n<li>Formular cualquier otra consulta o sugerencia de mejora relativa a la accesibilidad del sitio web a trav\u00e9s del siguiente\u00a0<strong><a href=\"https:\/\/www.jordianguila.cat\/wordpress\/es\/contacto\/\">formulario de contacto<\/a>\u00a0<\/strong>o llamando al <strong>tel\u00e9fono <a href=\"tel:972755807\">972 75 58 07<\/a>.<\/strong><\/li>\n<\/ul>\n<p>Puede presentar:<\/p>\n<ul>\n<li>Una queja relativa al cumplimiento de los requisitos del RD 1112\/2018<\/li>\n<li>Una solicitud de informaci\u00f3n accesible relativa a:\n<ul>\n<li>Contenidos que est\u00e1n excluidos del \u00e1mbito de aplicaci\u00f3n del RD 1112\/2018 seg\u00fan lo establecido por el art\u00edculo 3, apartado 4.<\/li>\n<li>Contenidos que est\u00e1n exentos del cumplimiento de los requisitos de accesibilidad por imponer una carga desproporcionada.<\/li>\n<\/ul>\n<\/li>\n<\/ul>\n<p>En la solicitud de informaci\u00f3n accesible, se debe concretar, con toda claridad, los hechos, razones y petici\u00f3n que permitan constatar que se trata de una solicitud razonable y leg\u00edtima.<\/p>\n","protected":false},"excerpt":{"rendered":"<p>Pol\u00edtica de accesibilidad La empresa JORDI ANGUILA FERRER se ha comprometido a hacer accesible su sitio web de conformidad con el Real Decreto 1112\/2018, de 7 de septiembre, sobre accesibilidad de los sitios web y aplicaciones para dispositivos m\u00f3viles del sector p\u00fablico, o desarrollos financiados desde Europa. La presente declaraci\u00f3n de accesibilidad se aplica al [&hellip;]<\/p>\n","protected":false},"author":1,"featured_media":0,"parent":0,"menu_order":0,"comment_status":"closed","ping_status":"closed","template":"","meta":{"footnotes":""},"class_list":["post-1047","page","type-page","status-publish","hentry"],"yoast_head":"<!-- This site is optimized with the Yoast SEO plugin v21.8 - https:\/\/yoast.com\/wordpress\/plugins\/seo\/ -->\n<title>Pol\u00edtica de accesibilidad - Jordi Anguila<\/title>\n<meta name=\"robots\" content=\"index, follow, max-snippet:-1, max-image-preview:large, max-video-preview:-1\" \/>\n<link rel=\"canonical\" href=\"https:\/\/www.jordianguila.cat\/politica-daccessibilitat\/\" \/>\n<meta property=\"og:locale\" content=\"es_ES\" \/>\n<meta property=\"og:type\" content=\"article\" \/>\n<meta property=\"og:title\" content=\"Pol\u00edtica de accesibilidad - Jordi Anguila\" \/>\n<meta property=\"og:description\" content=\"Pol\u00edtica de accesibilidad La empresa JORDI ANGUILA FERRER se ha comprometido a hacer accesible su sitio web de conformidad con el Real Decreto 1112\/2018, de 7 de septiembre, sobre accesibilidad de los sitios web y aplicaciones para dispositivos m\u00f3viles del sector p\u00fablico, o desarrollos financiados desde Europa. La presente declaraci\u00f3n de accesibilidad se aplica al [&hellip;]\" \/>\n<meta property=\"og:url\" content=\"https:\/\/www.jordianguila.cat\/politica-daccessibilitat\/\" \/>\n<meta property=\"og:site_name\" content=\"Jordi Anguila\" \/>\n<meta property=\"article:modified_time\" content=\"2024-01-24T09:29:36+00:00\" \/>\n<meta name=\"twitter:card\" content=\"summary_large_image\" \/>\n<meta name=\"twitter:label1\" content=\"Tiempo de lectura\" \/>\n\t<meta name=\"twitter:data1\" content=\"3 minutos\" \/>\n<script type=\"application\/ld+json\" class=\"yoast-schema-graph\">{\"@context\":\"https:\/\/schema.org\",\"@graph\":[{\"@type\":\"WebPage\",\"@id\":\"https:\/\/www.jordianguila.cat\/politica-daccessibilitat\/\",\"url\":\"https:\/\/www.jordianguila.cat\/politica-daccessibilitat\/\",\"name\":\"Pol\u00edtica de accesibilidad - Jordi Anguila\",\"isPartOf\":{\"@id\":\"https:\/\/www.jordianguila.cat\/#website\"},\"datePublished\":\"2023-08-06T07:51:05+00:00\",\"dateModified\":\"2024-01-24T09:29:36+00:00\",\"breadcrumb\":{\"@id\":\"https:\/\/www.jordianguila.cat\/politica-daccessibilitat\/#breadcrumb\"},\"inLanguage\":\"es\",\"potentialAction\":[{\"@type\":\"ReadAction\",\"target\":[\"https:\/\/www.jordianguila.cat\/politica-daccessibilitat\/\"]}]},{\"@type\":\"BreadcrumbList\",\"@id\":\"https:\/\/www.jordianguila.cat\/politica-daccessibilitat\/#breadcrumb\",\"itemListElement\":[{\"@type\":\"ListItem\",\"position\":1,\"name\":\"Inici\",\"item\":\"https:\/\/www.jordianguila.cat\/\"},{\"@type\":\"ListItem\",\"position\":2,\"name\":\"Pol\u00edtica de accesibilidad\"}]},{\"@type\":\"WebSite\",\"@id\":\"https:\/\/www.jordianguila.cat\/#website\",\"url\":\"https:\/\/www.jordianguila.cat\/\",\"name\":\"Jordi Anguila\",\"description\":\"Serveis t\u00e8cnics de l&#039;edificaci\u00f3\",\"publisher\":{\"@id\":\"https:\/\/www.jordianguila.cat\/#organization\"},\"potentialAction\":[{\"@type\":\"SearchAction\",\"target\":{\"@type\":\"EntryPoint\",\"urlTemplate\":\"https:\/\/www.jordianguila.cat\/?s={search_term_string}\"},\"query-input\":\"required name=search_term_string\"}],\"inLanguage\":\"es\"},{\"@type\":\"Organization\",\"@id\":\"https:\/\/www.jordianguila.cat\/#organization\",\"name\":\"Jordi Anguila\",\"url\":\"https:\/\/www.jordianguila.cat\/\",\"logo\":{\"@type\":\"ImageObject\",\"inLanguage\":\"es\",\"@id\":\"https:\/\/www.jordianguila.cat\/#\/schema\/logo\/image\/\",\"url\":\"https:\/\/www.jordianguila.cat\/wordpress\/wp-content\/uploads\/2024\/01\/jordi-anguila-logo.jpg\",\"contentUrl\":\"https:\/\/www.jordianguila.cat\/wordpress\/wp-content\/uploads\/2024\/01\/jordi-anguila-logo.jpg\",\"width\":369,\"height\":158,\"caption\":\"Jordi Anguila\"},\"image\":{\"@id\":\"https:\/\/www.jordianguila.cat\/#\/schema\/logo\/image\/\"}}]}<\/script>\n<!-- \/ Yoast SEO plugin. -->","yoast_head_json":{"title":"Pol\u00edtica de accesibilidad - Jordi Anguila","robots":{"index":"index","follow":"follow","max-snippet":"max-snippet:-1","max-image-preview":"max-image-preview:large","max-video-preview":"max-video-preview:-1"},"canonical":"https:\/\/www.jordianguila.cat\/politica-daccessibilitat\/","og_locale":"es_ES","og_type":"article","og_title":"Pol\u00edtica de accesibilidad - Jordi Anguila","og_description":"Pol\u00edtica de accesibilidad La empresa JORDI ANGUILA FERRER se ha comprometido a hacer accesible su sitio web de conformidad con el Real Decreto 1112\/2018, de 7 de septiembre, sobre accesibilidad de los sitios web y aplicaciones para dispositivos m\u00f3viles del sector p\u00fablico, o desarrollos financiados desde Europa. La presente declaraci\u00f3n de accesibilidad se aplica al [&hellip;]","og_url":"https:\/\/www.jordianguila.cat\/politica-daccessibilitat\/","og_site_name":"Jordi Anguila","article_modified_time":"2024-01-24T09:29:36+00:00","twitter_card":"summary_large_image","twitter_misc":{"Tiempo de lectura":"3 minutos"},"schema":{"@context":"https:\/\/schema.org","@graph":[{"@type":"WebPage","@id":"https:\/\/www.jordianguila.cat\/politica-daccessibilitat\/","url":"https:\/\/www.jordianguila.cat\/politica-daccessibilitat\/","name":"Pol\u00edtica de accesibilidad - Jordi Anguila","isPartOf":{"@id":"https:\/\/www.jordianguila.cat\/#website"},"datePublished":"2023-08-06T07:51:05+00:00","dateModified":"2024-01-24T09:29:36+00:00","breadcrumb":{"@id":"https:\/\/www.jordianguila.cat\/politica-daccessibilitat\/#breadcrumb"},"inLanguage":"es","potentialAction":[{"@type":"ReadAction","target":["https:\/\/www.jordianguila.cat\/politica-daccessibilitat\/"]}]},{"@type":"BreadcrumbList","@id":"https:\/\/www.jordianguila.cat\/politica-daccessibilitat\/#breadcrumb","itemListElement":[{"@type":"ListItem","position":1,"name":"Inici","item":"https:\/\/www.jordianguila.cat\/"},{"@type":"ListItem","position":2,"name":"Pol\u00edtica de accesibilidad"}]},{"@type":"WebSite","@id":"https:\/\/www.jordianguila.cat\/#website","url":"https:\/\/www.jordianguila.cat\/","name":"Jordi Anguila","description":"Serveis t\u00e8cnics de l&#039;edificaci\u00f3","publisher":{"@id":"https:\/\/www.jordianguila.cat\/#organization"},"potentialAction":[{"@type":"SearchAction","target":{"@type":"EntryPoint","urlTemplate":"https:\/\/www.jordianguila.cat\/?s={search_term_string}"},"query-input":"required name=search_term_string"}],"inLanguage":"es"},{"@type":"Organization","@id":"https:\/\/www.jordianguila.cat\/#organization","name":"Jordi Anguila","url":"https:\/\/www.jordianguila.cat\/","logo":{"@type":"ImageObject","inLanguage":"es","@id":"https:\/\/www.jordianguila.cat\/#\/schema\/logo\/image\/","url":"https:\/\/www.jordianguila.cat\/wordpress\/wp-content\/uploads\/2024\/01\/jordi-anguila-logo.jpg","contentUrl":"https:\/\/www.jordianguila.cat\/wordpress\/wp-content\/uploads\/2024\/01\/jordi-anguila-logo.jpg","width":369,"height":158,"caption":"Jordi Anguila"},"image":{"@id":"https:\/\/www.jordianguila.cat\/#\/schema\/logo\/image\/"}}]}},"_links":{"self":[{"href":"https:\/\/www.jordianguila.cat\/es\/wp-json\/wp\/v2\/pages\/1047","targetHints":{"allow":["GET"]}}],"collection":[{"href":"https:\/\/www.jordianguila.cat\/es\/wp-json\/wp\/v2\/pages"}],"about":[{"href":"https:\/\/www.jordianguila.cat\/es\/wp-json\/wp\/v2\/types\/page"}],"author":[{"embeddable":true,"href":"https:\/\/www.jordianguila.cat\/es\/wp-json\/wp\/v2\/users\/1"}],"replies":[{"embeddable":true,"href":"https:\/\/www.jordianguila.cat\/es\/wp-json\/wp\/v2\/comments?post=1047"}],"version-history":[{"count":2,"href":"https:\/\/www.jordianguila.cat\/es\/wp-json\/wp\/v2\/pages\/1047\/revisions"}],"predecessor-version":[{"id":1074,"href":"https:\/\/www.jordianguila.cat\/es\/wp-json\/wp\/v2\/pages\/1047\/revisions\/1074"}],"wp:attachment":[{"href":"https:\/\/www.jordianguila.cat\/es\/wp-json\/wp\/v2\/media?parent=1047"}],"curies":[{"name":"wp","href":"https:\/\/api.w.org\/{rel}","templated":true}]}}